{"id":29,"date":"2015-01-07T15:14:07","date_gmt":"2015-01-07T15:14:07","guid":{"rendered":"http:\/\/beta.ftwild.com\/?page_id=29"},"modified":"2025-09-15T07:57:48","modified_gmt":"2025-09-15T07:57:48","slug":"imprint","status":"publish","type":"page","link":"https:\/\/www.ftwild.de\/en\/imprint\/","title":{"rendered":"Imprint"},"content":{"rendered":"<h1>Impressum<\/h1>\n<p>Gesch\u00e4ftsf\u00fchrer: Andor Poll<br \/>\nRegistergericht: Amtsgericht Charlottenburg<br \/>\nRegisternummer: HRB 95910B<br \/>\nUmsatzsteuer-Identifikationsnummer gem\u00e4\u00df \u00a7 27 a Umsatzsteuergesetz: DE 240 698 920<\/p>\n<p><strong>Adresse<\/strong><br \/>\nFTWild Kommunikations GmbH<br \/>\nPrinzessinnenstra\u00dfe 1<br \/>\n10969 Berlin<br \/>\nDeutschland<br \/>\n<a href=\"mailto:info@ftwild.de\">info(at)ftwild.de<\/a><\/p>\n<p><strong>Haftungshinweis<\/strong><br \/>\nTrotz sorgf\u00e4ltiger inhaltlicher Kontrolle \u00fcbernehmen wir keine Haftung f\u00fcr die Inhalte externer Links.<br \/>\nF\u00fcr den Inhalt der verlinkten Seiten sind ausschlie\u00dflich deren Betreiber verantwortlich.<\/p>\n","protected":false},"excerpt":{"rendered":"<p>Impressum Gesch\u00e4ftsf\u00fchrer: Andor Poll Registergericht: Amtsgericht Charlottenburg Registernummer: HRB 95910B Umsatzsteuer-Identifikationsnummer gem\u00e4\u00df \u00a7 27 a Umsatzsteuergesetz: DE 240 698 920 Adresse FTWild Kommunikations GmbH Prinzessinnenstra\u00dfe 1 10969 Berlin Deutschland info(at)ftwild.de Haftungshinweis Trotz sorgf\u00e4ltiger inhaltlicher Kontrolle \u00fcbernehmen wir keine Haftung f\u00fcr die Inhalte externer Links. F\u00fcr den Inhalt der verlinkten Seiten sind ausschlie\u00dflich deren Betreiber verantwortlich.<\/p>\n","protected":false},"author":1,"featured_media":0,"parent":0,"menu_order":9,"comment_status":"open","ping_status":"open","template":"","meta":{"footnotes":""},"class_list":["post-29","page","type-page","status-publish","hentry"],"_links":{"self":[{"href":"https:\/\/www.ftwild.de\/en\/wp-json\/wp\/v2\/pages\/29","targetHints":{"allow":["GET"]}}],"collection":[{"href":"https:\/\/www.ftwild.de\/en\/wp-json\/wp\/v2\/pages"}],"about":[{"href":"https:\/\/www.ftwild.de\/en\/wp-json\/wp\/v2\/types\/page"}],"author":[{"embeddable":true,"href":"https:\/\/www.ftwild.de\/en\/wp-json\/wp\/v2\/users\/1"}],"replies":[{"embeddable":true,"href":"https:\/\/www.ftwild.de\/en\/wp-json\/wp\/v2\/comments?post=29"}],"version-history":[{"count":17,"href":"https:\/\/www.ftwild.de\/en\/wp-json\/wp\/v2\/pages\/29\/revisions"}],"predecessor-version":[{"id":8145,"href":"https:\/\/www.ftwild.de\/en\/wp-json\/wp\/v2\/pages\/29\/revisions\/8145"}],"wp:attachment":[{"href":"https:\/\/www.ftwild.de\/en\/wp-json\/wp\/v2\/media?parent=29"}],"curies":[{"name":"wp","href":"https:\/\/api.w.org\/{rel}","templated":true}]}}